{"id":29,"date":"2026-04-18T03:19:28","date_gmt":"2026-04-18T03:19:28","guid":{"rendered":"https:\/\/wp1.talodia.com\/?page_id=29"},"modified":"2026-04-18T03:29:04","modified_gmt":"2026-04-18T03:29:04","slug":"en-quoi-un-contenu-pertinent-dactualite-et-de-qualite-est-il-important-pour-votre-seo","status":"publish","type":"page","link":"https:\/\/wp1.talodia.com\/?page_id=29","title":{"rendered":"En quoi un contenu pertinent, d&#8217;actualit\u00e9 et de qualit\u00e9 est-il important pour votre SEO ?"},"content":{"rendered":"\n<p>Que vous soyez un artisan, un chef d\u2019entreprise ou un commer\u00e7ant, le site internet et le blog sont aujourd\u2019hui des&nbsp;outils indispensables pour attirer des clients. Afin d\u2019assurer la visibilit\u00e9 de cette plateforme web, il est primordial de bien travailler son contenu. Cela fait partie de la strat\u00e9gie d\u2019<strong>inbound<\/strong><strong>&nbsp;marketing&nbsp;<\/strong>qui devra \u00eatre mis en place pour que votre site internet soit efficace. Mais&nbsp;<a href=\"https:\/\/redaction-web-seo.woizi.com\/dossiers\/qu-est-ce-que-l-inbound-marketing\"><strong>qu\u2019est-ce que l\u2019inbound marketing&nbsp;<\/strong>?<\/a>&nbsp;Il s\u2019agit d\u2019une strat\u00e9gie de cr\u00e9ation de&nbsp;<strong>contenus web<\/strong>&nbsp;qui permettra au propri\u00e9taire du site ou \u00e0 son gestionnaire d\u2019attirer plus de visiteurs et de les convertir en prospects. Lorsque cette m\u00e9thode est bien d\u00e9finie, il sera plus simple de transformer vos leads en clients fid\u00e8les ou d\u2019obtenir leur engagement sur vos r\u00e9seaux sociaux ou votre blog.<\/p>\n\n\n\n<figure class=\"wp-block-image\"><img decoding=\"async\" src=\"https:\/\/redaction-web-seo.woizi.com\/img\/dossiers\/textes-web-de-qualite.jpg\" alt=\"textes-web-qualite\" title=\"Textes web de qualit\u00e9\"\/><\/figure>\n\n\n\n<h2 class=\"wp-block-heading\">Qu\u2019est-ce qu\u2019un contenu de qualit\u00e9\u2009?<\/h2>\n\n\n\n<p class=\"has-accent-1-color has-accent-3-background-color has-text-color has-background has-link-color wp-elements-dafb593b227fa85a277cde4ae1d4ea0c\"><a href=\"https:\/\/trk.udemy.com\/YVdogm\">Formation 3<\/a><\/p>\n\n\n\n<p>Lorsque vous \u00eates un n\u00e9ophyte dans le domaine de la cr\u00e9ation et la gestion d\u2019un site internet, ce n\u2019est pas \u00e9vident de le rendre pertinent. Un contenu web de qualit\u00e9 est un contenu qui pla\u00eet aux lecteurs, mais surtout aux moteurs de recherche. Cela permettra une meilleure indexation de votre site ou de votre blog. Ce travail devrait \u00eatre confi\u00e9 \u00e0 un&nbsp;<strong>r\u00e9dacteur web<\/strong>&nbsp;professionnel. Celui-ci conna\u00eet les fondements du SEO et les astuces pour mettre en valeur votre blog ou votre site afin d\u2019\u00eatre mieux positionn\u00e9.<\/p>\n\n\n\n<p>Chaque contenu web de qualit\u00e9 se doit d&#8217;\u00eatre int\u00e9gralement unique, ainsi il faut v\u00e9rifier via des outils de contr\u00f4le (check duplicate content tools)&nbsp;qu&#8217;aucune partie du texte&nbsp;ne soit&nbsp;dupliqu\u00e9e, m\u00eame pas une fraction de celui-ci. Le copier-coller sur web est interdit, autant par les concepteurs de contenu web que par Google. Lorsque ces duplications sont d\u00e9tect\u00e9es par les moteurs de recherche, votre site risque des p\u00e9nalit\u00e9s et de lourdes sanctions. Plusieurs outils de l\u2019<strong>inbound<\/strong><strong>&nbsp;marketing<\/strong>&nbsp;vous permettent de v\u00e9rifier les \u00e9ventuels plagiats dans un texte&nbsp;pour le rendre le plus original possible.<\/p>\n\n\n\n<p>Pour r\u00e9pondre \u00e0 ce qualificatif, les&nbsp;<strong>contenus web<\/strong>&nbsp;sur votre blog ou votre site internet doivent \u00eatre 100&nbsp;% in\u00e9dits. Confiez la conception de ces derniers \u00e0 un&nbsp;<strong>r\u00e9dacteur web<\/strong>&nbsp;pour obtenir des angles diff\u00e9rents du m\u00eame sujet. Si vous savez manier les mots, vous pouvez apporter une touche personnelle \u00e0 vos articles en donnant des avis personnels.<\/p>\n\n\n\n<h2 class=\"wp-block-heading\">Qu\u2019est-ce qu\u2019un contenu pertinent\u2009?<\/h2>\n\n\n\n<p>Pour garantir&nbsp;<strong>un bon r\u00e9f\u00e9rencement naturel<\/strong>&nbsp;de votre site internet, le travail des mots-cl\u00e9s et de l\u2019originalit\u00e9 n\u2019est pas suffisant. Afin d\u2019appara\u00eetre dans les r\u00e9sultats de recherche des internautes, il est indispensable que votre article soit pertinent.<\/p>\n\n\n\n<p>Google et les autres&nbsp;<strong>moteurs de recherche<\/strong>&nbsp;sont d\u00e9sormais capables d\u2019analyser une multitude de donn\u00e9es sur votre site. Les algorithmes mis en place pour scanner la page web sont tr\u00e8s \u00e9labor\u00e9s. Mais ce sont surtout les personnes qui soumettent les requ\u00eates qui doivent \u00eatre satisfaites.<\/p>\n\n\n\n<p>Un contenu pertinent est con\u00e7u pour les internautes, qu\u2019ils soient des sp\u00e9cialistes ou des non-experts. Travaillez de concert avec votre&nbsp;<strong>r\u00e9dacteur web<\/strong>&nbsp;pour d\u00e9finir les messages \u00e0 transmettre et&nbsp;<strong>les mots-cl\u00e9s<\/strong>&nbsp;\u00e0 mettre en avant. Ces derni\u00e8res ont pour objectif de r\u00e9pondre aux besoins du lecteur. L\u2019article, l\u2019image ou la vid\u00e9o publi\u00e9e sur votre site internet ou votre blog devra ainsi \u00eatre clair et juste.<\/p>\n\n\n\n<h2 class=\"wp-block-heading\">L\u2019importance du contenu web de qualit\u00e9<\/h2>\n\n\n\n<p>Il est essentiel de comprendre que l\u2019<strong>inbound<\/strong><strong>&nbsp;marketing&nbsp;<\/strong>est indispensable pour votre site internet. La conception de&nbsp;<strong>contenus web<\/strong>&nbsp;de qualit\u00e9 fait partie des techniques de r\u00e9f\u00e9rencement naturel les plus efficaces. Bien qu\u2019elle puisse prendre du temps et demande des pr\u00e9cautions, les contenus de qualit\u00e9 vous apporteront de nombreux avantages.<\/p>\n\n\n\n<h3 class=\"wp-block-heading\">Appara\u00eetre en premi\u00e8re page des SERP<\/h3>\n\n\n\n<p>Lorsqu\u2019un internaute a besoin d\u2019une&nbsp;<strong>information sur internet<\/strong>, il passe le plus souvent par un moteur de recherche tel que Google ou Bing. En proposant un contenu de qualit\u00e9 et pertinent sur votre site, vous allez augmenter vos chances d\u2019\u00eatre en t\u00eate de liste des SERP (Search Engine Result Page).<\/p>\n\n\n\n<h3 class=\"wp-block-heading\">Augmentation de votre trafic<\/h3>\n\n\n\n<p>Les&nbsp;<strong>articles publi\u00e9s<\/strong>&nbsp;sur votre site ou votre blog doivent \u00eatre int\u00e9ressants pour les internautes. S\u2019ils r\u00e9pondent \u00e0 leurs attentes, ils se retrouvent facilement en premi\u00e8re page des r\u00e9sultats des moteurs de recherche. Le taux de clic vers la page de votre site sera plus \u00e9lev\u00e9. Ces derniers deviendront ensuite des clients potentiels de vos produits ou services.<\/p>\n\n\n\n<h3 class=\"wp-block-heading\">Fid\u00e9lisation de votre public<\/h3>\n\n\n\n<p>Les internautes sont satisfaits des informations qu\u2019ils re\u00e7oivent sur votre site. Vous aurez alors plus de chances qu\u2019ils reviennent. Cette situation vous permettra d\u2019obtenir une base de&nbsp;<strong>leads qualifi\u00e9s<\/strong>&nbsp;qui vont ensuite stimuler vos ventes. Vous parviendrez plus rapidement \u00e0 propulser votre site.<\/p>\n\n\n\n<h3 class=\"wp-block-heading\">Renforcement de votre notori\u00e9t\u00e9<\/h3>\n\n\n\n<p>Que vous soyez une nouvelle entreprise ou une marque qui existe depuis plusieurs ann\u00e9es, vous devez faire attention \u00e0 l\u2019image que vous renvoyez au public. \u00c0 travers votre site internet et son contenu, le&nbsp;<strong>r\u00e9dacteur web<\/strong>&nbsp;vous aidera \u00e0 renforcer la notori\u00e9t\u00e9 de votre soci\u00e9t\u00e9. Fournir des&nbsp;<strong>contenus web<\/strong>&nbsp;d\u2019actualit\u00e9 concernant vos activit\u00e9s ou votre secteur vous permettra \u00e9galement d\u2019attirer des visiteurs et d\u2019ajouter une plus-value \u00e0 votre site.<\/p>\n\n\n\n<h2 class=\"wp-block-heading\">Comment obtenir un contenu de qualit\u00e9 pour votre site web\u2009?<\/h2>\n\n\n\n<p>Google ne prend pas uniquement en compte les mots-cl\u00e9s, les liens et les balises de votre site. Plusieurs crit\u00e8res doivent \u00eatre respect\u00e9s pour que votre contenu soit consid\u00e9r\u00e9 comme \u00e9tant de&nbsp;<strong>qualit\u00e9 pour le SEO<\/strong>, mais aussi pour les lecteurs&nbsp;:<\/p>\n\n\n\n<ul class=\"wp-block-list\">\n<li>Un sujet tendance (en rapport avec votre domaine d\u2019activit\u00e9 ou les actualit\u00e9s du moment).<\/li>\n\n\n\n<li>Un article innovant (que ce soit la forme, le fond ou l\u2019angle de traitement des th\u00e8mes abord\u00e9s).<\/li>\n\n\n\n<li>Un contenu optimis\u00e9 (utilisation du gras pour mettre en \u00e9vidence les mots-cl\u00e9s et les expressions correspondant au th\u00e8me).<\/li>\n\n\n\n<li>Des textes sans faute (grammaire, syntaxe, conjugaison, orthographe\u2026).<\/li>\n<\/ul>\n\n\n\n<p>La&nbsp;<strong>conception d\u2019un contenu de qualit\u00e9<\/strong>&nbsp;devra \u00eatre confi\u00e9e \u00e0 un professionnel de la r\u00e9daction web pour \u00e9viter les erreurs et p\u00e9naliser votre site internet ou votre blog.<\/p>\n","protected":false},"excerpt":{"rendered":"<p>Que vous soyez un artisan, un chef d\u2019entreprise ou un commer\u00e7ant, le site internet et le blog sont aujourd\u2019hui des&nbsp;outils indispensables pour attirer des clients. Afin d\u2019assurer la visibilit\u00e9 de cette plateforme web, il est primordial de bien travailler son contenu. Cela fait partie de la strat\u00e9gie d\u2019inbound&nbsp;marketing&nbsp;qui devra \u00eatre mis en place pour que [&hellip;]<\/p>\n","protected":false},"author":1,"featured_media":0,"parent":0,"menu_order":0,"comment_status":"closed","ping_status":"closed","template":"","meta":{"footnotes":""},"class_list":["post-29","page","type-page","status-publish","hentry"],"_links":{"self":[{"href":"https:\/\/wp1.talodia.com\/index.php?rest_route=\/wp\/v2\/pages\/29","targetHints":{"allow":["GET"]}}],"collection":[{"href":"https:\/\/wp1.talodia.com\/index.php?rest_route=\/wp\/v2\/pages"}],"about":[{"href":"https:\/\/wp1.talodia.com\/index.php?rest_route=\/wp\/v2\/types\/page"}],"author":[{"embeddable":true,"href":"https:\/\/wp1.talodia.com\/index.php?rest_route=\/wp\/v2\/users\/1"}],"replies":[{"embeddable":true,"href":"https:\/\/wp1.talodia.com\/index.php?rest_route=%2Fwp%2Fv2%2Fcomments&post=29"}],"version-history":[{"count":3,"href":"https:\/\/wp1.talodia.com\/index.php?rest_route=\/wp\/v2\/pages\/29\/revisions"}],"predecessor-version":[{"id":36,"href":"https:\/\/wp1.talodia.com\/index.php?rest_route=\/wp\/v2\/pages\/29\/revisions\/36"}],"wp:attachment":[{"href":"https:\/\/wp1.talodia.com\/index.php?rest_route=%2Fwp%2Fv2%2Fmedia&parent=29"}],"curies":[{"name":"wp","href":"https:\/\/api.w.org\/{rel}","templated":true}]}}