{"id":15,"date":"2026-04-18T03:11:09","date_gmt":"2026-04-18T03:11:09","guid":{"rendered":"https:\/\/wp1.talodia.com\/?page_id=15"},"modified":"2026-04-18T03:11:09","modified_gmt":"2026-04-18T03:11:09","slug":"qui-a-invente-le-cocon-semantique","status":"publish","type":"page","link":"https:\/\/wp1.talodia.com\/?page_id=15","title":{"rendered":"Qui a invent\u00e9 le cocon s\u00e9mantique ?"},"content":{"rendered":"\n<p>Entrepreneur web, r\u00e9dacteur web, vous avez souvent entendu parler du<strong>&nbsp;cocon s\u00e9mantique<\/strong>. En r\u00e9sum\u00e9, cette strat\u00e9gie permet de cr\u00e9er un site web optimis\u00e9 pour les&nbsp;<strong>moteurs de recherche<\/strong>. Vous voulez&nbsp;<strong>tout savoir de la r\u00e9daction web<\/strong>&nbsp;et de ses bonnes pratiques et vous vous int\u00e9ressez de pr\u00e8s \u00e0 ce fameux cocon. Vous avez lu de nombreux articles traitant du sujet, mais tout cela vous semble tr\u00e8s technique. Malgr\u00e9 vos nombreuses recherches, le concept de cocon s\u00e9mantique reste flou \u00e0 vos yeux.<\/p>\n\n\n\n<p>Qu\u2019est-ce que le cocon s\u00e9mantique ? Qui a<strong>&nbsp;invent\u00e9 le cocon s\u00e9mantique<\/strong>&nbsp;? Qu&#8217;apporte-t-il \u00e0 un site ? Comment cr\u00e9er un cocon s\u00e9mantique ? Apr\u00e8s la lecture de ces quelques lignes, le cocon s\u00e9mantique n\u2019aura plus aucun secret pour vous.<\/p>\n\n\n\n<figure class=\"wp-block-image\"><img decoding=\"async\" src=\"https:\/\/redaction-web-seo.woizi.com\/img\/dossiers\/image-gros-cocon-semantique.jpg\" alt=\"Repr\u00e9sentation d'un gros cocon s\u00e9mantique\" title=\"Image d'un cocon s\u00e9mantique puissant\"\/><\/figure>\n\n\n\n<h2 class=\"wp-block-heading\">Qu\u2019est-ce qu\u2019un cocon s\u00e9mantique ?<\/h2>\n\n\n\n<p><strong>Qu&#8217;est-ce qu&#8217;un cocon s\u00e9mantique<\/strong>&nbsp;? Il s&#8217;agit d&#8217;un&nbsp;<strong>syst\u00e8me d\u2019architecture SEO<\/strong>. Pour faire simple, votre site poss\u00e8de plusieurs pages. Votre \u201c<strong>page m\u00e8re<\/strong>\u201d ou page principale, sera li\u00e9e \u00e0 d\u2019autres pages au contenu s\u00e9mantique proche par des liens contextualis\u00e9s.<\/p>\n\n\n\n<p>L\u2019<strong>arborescence du site<\/strong>&nbsp;est faite pour que le lecteur commence par lire une page abordant des g\u00e9n\u00e9ralit\u00e9s, puis qu\u2019il d\u00e9couvre, de lien en lien, des contenus de plus en plus d\u00e9taill\u00e9s, toujours en rapport avec la m\u00eame th\u00e9matique. La derni\u00e8re page est la conclusion de cet ensemble.<\/p>\n\n\n\n<p>Pour imager tout cela, les pages de votre site sont une grande famille. Votre page de d\u00e9part est la page m\u00e8re ; en dessous se trouvent les pages filles, puis les pages s\u0153urs.<\/p>\n\n\n\n<h2 class=\"wp-block-heading\">Qui a invent\u00e9 le cocon s\u00e9mantique ?<\/h2>\n\n\n\n<p>Tr\u00e8s populaire aupr\u00e8s des&nbsp;<strong>r\u00e9f\u00e9renceurs<\/strong>&nbsp;et adeptes de l\u2019optimisation de contenu, le cocon s\u00e9mantique a \u00e9t\u00e9 invent\u00e9 et d\u00e9velopp\u00e9 par le r\u00e9f\u00e9renceur fran\u00e7ais&nbsp;<strong>Laurent Bourrelly<\/strong>.<\/p>\n\n\n\n<p>Consultant SEO et SEA depuis plus de 14 ans, il propose une&nbsp;<strong>strat\u00e9gie de r\u00e9f\u00e9rencement<\/strong>&nbsp;performante, ax\u00e9e autour de la s\u00e9mantique des mots et du maillage interne. Laurent d\u00e9sire formaliser et rendre accessible ce syst\u00e8me \u00e0 tous ces clients. Il propose donc des formations visant \u00e0 apprendre \u00e0 ma\u00eetriser les techniques permettant de cr\u00e9er un cocon s\u00e9mantique.<\/p>\n\n\n\n<h2 class=\"wp-block-heading\">Comment cr\u00e9er un cocon s\u00e9mantique ?<\/h2>\n\n\n\n<p>En tant que r\u00e9dacteur web, vous connaissez l\u2019<a href=\"https:\/\/redaction-web-seo.woizi.com\/dossiers\/pourquoi-des-textes-optimises-seo\">importance des&nbsp;<strong>contenus textes optimis\u00e9s pour le SEO<\/strong><\/a>. Si votre client vous demande de r\u00e9diger des textes destin\u00e9s \u00e0 cr\u00e9er un cocon s\u00e9mantique, vous devez avoir quelques notions sur la mise en place de ce dernier.<\/p>\n\n\n\n<p>La premi\u00e8re \u00e9tape de la cr\u00e9ation d\u2019un cocon s\u00e9mantique est la recherche des mots-cl\u00e9s pertinents en rapport avec votre th\u00e9matique. Vous devez cibler les requ\u00eates cl\u00e9s sur lesquelles vous pouvez \u201cranker\u201d, c\u2019est-\u00e0-dire appara\u00eetre sur les pages de r\u00e9sultats de&nbsp;<strong>Google<\/strong>. Apr\u00e8s avoir d\u00e9fini vos requ\u00eates cl\u00e9s, vous pourrez d\u00e9velopper le champ s\u00e9mantique en rapport avec celle-ci.<\/p>\n\n\n\n<p>Ensuite, vous devrez suivre scrupuleusement trois \u00e9tapes :<\/p>\n\n\n\n<ul class=\"wp-block-list\">\n<li>Mettre en place une arborescence bas\u00e9e sur vos requ\u00eates cl\u00e9s.<\/li>\n\n\n\n<li>Cr\u00e9er les\u00a0<strong>liens internes<\/strong>\u00a0entre vos pages m\u00e8res, filles et s\u0153urs.<\/li>\n\n\n\n<li>Optimiser la structure de vos pages (structure, balisage, bonne utilisation du\u00a0<strong>champ s\u00e9mantique<\/strong>\u2026).<\/li>\n<\/ul>\n\n\n\n<p>Votre contenu ne sera bien entendu pas similaire d\u2019une page \u00e0 l\u2019autre :<\/p>\n\n\n\n<ul class=\"wp-block-list\">\n<li>Sur votre page m\u00e8re, vous abordez votre th\u00e9matique et l\u2019optimisez \u00e0 100 %.<\/li>\n\n\n\n<li>Vos pages filles doivent \u00eatre s\u00e9mantiquement proches de votre page m\u00e8re. L\u2019utilisation de votre<strong>\u00a0requ\u00eate cl\u00e9<\/strong>\u00a0sera plus subtile, et vous viserez plut\u00f4t \u00e0 travailler le champ s\u00e9mantique en rapport avec celle-ci.<\/li>\n\n\n\n<li>Pour finir, vos pages s\u0153urs doivent traiter d\u2019une th\u00e9matique plus \u00e9loign\u00e9e de votre page m\u00e8re (tout en restant bien s\u00fbr dans le m\u00eame th\u00e8me et en continuant de d\u00e9velopper le champ s\u00e9mantique en rapport avec ce dernier).<\/li>\n<\/ul>\n\n\n\n<p>Cr\u00e9er un cocon s\u00e9mantique est long et n\u00e9cessite la cr\u00e9ation de nombreuses pages de contenus. Vous en \u00eates conscient, ne pas se r\u00e9p\u00e9ter lorsqu\u2019on r\u00e9dige des dizaines de pages traitant d\u2019un m\u00eame sujet n\u2019est pas ais\u00e9. Certains clients ont bien compris l&#8217;<strong>int\u00e9r\u00eat d\u2019une plateforme de r\u00e9daction<\/strong>&nbsp;: en passant par cet interm\u00e9diaire, ils peuvent confier un grand nombre de textes \u00e0 des r\u00e9dacteurs diff\u00e9rents. Ainsi, ils s\u2019assurent de recevoir des textes diff\u00e9rents, contenant beaucoup moins de r\u00e9p\u00e9titions.<\/p>\n\n\n\n<h2 class=\"wp-block-heading\">Qu\u2019apporte le cocon s\u00e9mantique \u00e0 votre site web ?<\/h2>\n\n\n\n<p>Vous avez suivi les recommandations concernant le&nbsp;<strong>maillage interne<\/strong>&nbsp;et la r\u00e9daction de vos articles. R\u00e9sultat, vos pages web sont propres, bien structur\u00e9es. Les robots Google comprennent et interpr\u00e8tent facilement le contenu de votre site. C\u2019est logique : il est clair, votre champ s\u00e9mantique est bien d\u00e9velopp\u00e9. L\u2019<strong>indexation de vos pages web<\/strong>&nbsp;sera grandement facilit\u00e9e et vous ne tarderez pas \u00e0 remonter dans les pages du&nbsp;<strong>SERP<\/strong>.<\/p>\n\n\n\n<p>Le cocon s\u00e9mantique vous permet \u00e9galement de&nbsp;<strong>r\u00e9duire le taux de rebond<\/strong>&nbsp;sur votre site web. Rappelons-le, un taux de rebond \u00e9lev\u00e9 signifie que les visiteurs de votre site sont entr\u00e9s sur votre site, ont consult\u00e9 une page, puis sont repartis aussit\u00f4t.<\/p>\n\n\n\n<p>Vous le savez sans doute, c\u2019est mauvais pour le r\u00e9f\u00e9rencement.<\/p>\n\n\n\n<p>En cr\u00e9ant un site en respectant toutes les \u00e9tapes de&nbsp;<strong>cr\u00e9ation d\u2019un cocon s\u00e9mantique<\/strong>, vous ne rencontrerez pas ce probl\u00e8me.<\/p>\n\n\n\n<p>La structure de vos pages encourage le lecteur \u00e0 poursuivre sa lecture pour en savoir plus. Une lecture plus approfondie de vos contenus vous garantit une dur\u00e9e de session plus longue. Votre lecteur est arriv\u00e9 sur votre site en tapant une requ\u00eate cl\u00e9 pr\u00e9cise, qui l\u2019int\u00e9resse v\u00e9ritablement. Il para\u00eet donc logique qu\u2019il suive les liens que vous avez ins\u00e9r\u00e9s pour accro\u00eetre ses connaissances.<\/p>\n\n\n\n<p>Utiliser la strat\u00e9gie du cocon s\u00e9mantique permet non seulement d\u2019obtenir un<strong>&nbsp;trafic performant et r\u00e9gulier<\/strong>, mais aussi de le conserver dans la dur\u00e9e. Ce n\u2019est pas n\u00e9gligeable : l\u2019algorithme de Google est capricieux, vous le savez. Obtenir du trafic n\u2019est pas compliqu\u00e9. En revanche, conserver une visibilit\u00e9 optimale et durable est plus difficile.<\/p>\n\n\n\n<p>Vous l\u2019aurez compris, vous pouvez remercier Mr Bourrelly d\u2019avoir invent\u00e9 le cocon s\u00e9mantique. Gr\u00e2ce \u00e0 sa strat\u00e9gie, vous pouvez construire un&nbsp;<strong>site web structur\u00e9<\/strong>, aux contenus facilement identifiables par les robots de Google. Cela vous apporte un trafic performant et durable, un taux de rebond moindre et une indexation rapide sur les moteurs de recherche. Vous le savez maintenant, vous avez tout int\u00e9r\u00eat \u00e0 cr\u00e9er votre site sur le mod\u00e8le du&nbsp;<strong>cocon s\u00e9mantique<\/strong>. Alors, qu\u2019attendez-vous pour vous lancer ?<\/p>\n","protected":false},"excerpt":{"rendered":"<p>Entrepreneur web, r\u00e9dacteur web, vous avez souvent entendu parler du&nbsp;cocon s\u00e9mantique. En r\u00e9sum\u00e9, cette strat\u00e9gie permet de cr\u00e9er un site web optimis\u00e9 pour les&nbsp;moteurs de recherche. Vous voulez&nbsp;tout savoir de la r\u00e9daction web&nbsp;et de ses bonnes pratiques et vous vous int\u00e9ressez de pr\u00e8s \u00e0 ce fameux cocon. Vous avez lu de nombreux articles traitant du [&hellip;]<\/p>\n","protected":false},"author":1,"featured_media":0,"parent":0,"menu_order":0,"comment_status":"closed","ping_status":"closed","template":"","meta":{"footnotes":""},"class_list":["post-15","page","type-page","status-publish","hentry"],"_links":{"self":[{"href":"https:\/\/wp1.talodia.com\/index.php?rest_route=\/wp\/v2\/pages\/15","targetHints":{"allow":["GET"]}}],"collection":[{"href":"https:\/\/wp1.talodia.com\/index.php?rest_route=\/wp\/v2\/pages"}],"about":[{"href":"https:\/\/wp1.talodia.com\/index.php?rest_route=\/wp\/v2\/types\/page"}],"author":[{"embeddable":true,"href":"https:\/\/wp1.talodia.com\/index.php?rest_route=\/wp\/v2\/users\/1"}],"replies":[{"embeddable":true,"href":"https:\/\/wp1.talodia.com\/index.php?rest_route=%2Fwp%2Fv2%2Fcomments&post=15"}],"version-history":[{"count":1,"href":"https:\/\/wp1.talodia.com\/index.php?rest_route=\/wp\/v2\/pages\/15\/revisions"}],"predecessor-version":[{"id":16,"href":"https:\/\/wp1.talodia.com\/index.php?rest_route=\/wp\/v2\/pages\/15\/revisions\/16"}],"wp:attachment":[{"href":"https:\/\/wp1.talodia.com\/index.php?rest_route=%2Fwp%2Fv2%2Fmedia&parent=15"}],"curies":[{"name":"wp","href":"https:\/\/api.w.org\/{rel}","templated":true}]}}