{"id":11,"date":"2026-04-18T02:59:21","date_gmt":"2026-04-18T02:59:21","guid":{"rendered":"https:\/\/wp1.talodia.com\/?page_id=11"},"modified":"2026-04-18T03:10:34","modified_gmt":"2026-04-18T03:10:34","slug":"quest-ce-que-le-seo","status":"publish","type":"page","link":"https:\/\/wp1.talodia.com\/?page_id=11","title":{"rendered":"Qu\u2019est-ce que le SEO ?"},"content":{"rendered":"\n<p>De son nom \u00ab&nbsp;<strong>Search Engine Optimization<\/strong>&nbsp;\u00bb, le&nbsp;<strong>SEO&nbsp;<\/strong>se traduit litt\u00e9ralement par l\u2019optimisation pour les&nbsp;<strong>moteurs de recherche<\/strong>. Il s\u2018agit, en d\u2019autres termes, de l\u2019ensemble des strat\u00e9gies r\u00e9dactionnelles \u00e0 mettre en \u0153uvre dans le but d\u2019am\u00e9liorer le classement d\u2019un site internet au niveau des pages de r\u00e9sultat de Google, Yahoo!, Bing ou autre moteur.<\/p>\n\n\n\n<p>Le site en question est dit \u00ab optimis\u00e9 \u00bb lorsqu\u2019il est plac\u00e9 dans les&nbsp;<strong>premiers rangs<\/strong>&nbsp;par rapport aux requ\u00eates des internautes. Et comme il s\u2019agit d\u2019un syst\u00e8me de&nbsp;<strong>r\u00e9f\u00e9rencement naturel<\/strong>, il est donc essentiel de&nbsp;<strong>tout savoir sur la r\u00e9daction web<\/strong>&nbsp;pour que les d\u00e9marches entam\u00e9es pour l\u2019optimisation soient un succ\u00e8s.<\/p>\n\n\n\n<figure class=\"wp-block-image\"><img decoding=\"async\" src=\"https:\/\/redaction-web-seo.woizi.com\/img\/dossiers\/definition-seo-search-engine-optimization.jpg\" alt=\"Le SEO c'est quoi ?\" title=\"Tout savoir sur le SEO\"\/><\/figure>\n\n\n\n<h2 class=\"wp-block-heading\">En quoi consiste le SEO en mati\u00e8re d\u2019optimisation ?<\/h2>\n\n\n\n<p>Le&nbsp;<strong>SEO<\/strong>&nbsp;consiste \u00e0 adopter diff\u00e9rentes&nbsp;<strong>techniques de r\u00e9f\u00e9rencement<\/strong>&nbsp;permettant d\u2019accro\u00eetre la&nbsp;<strong>visibilit\u00e9<\/strong>&nbsp;d\u2019un site web par les internautes. Les strat\u00e9gies cl\u00e9s \u00e0 mettre en \u0153uvre pour ce faire sont de :<\/p>\n\n\n\n<ul class=\"wp-block-list\">\n<li>Concevoir un\u00a0<strong>contenu bien structur\u00e9<\/strong>\u00a0et visuellement attractif.<\/li>\n\n\n\n<li>Soigner les URL rattach\u00e9es au site web.<\/li>\n\n\n\n<li>Utiliser des mots-cl\u00e9s pertinents, mais ne pas en faire trop.<\/li>\n\n\n\n<li>Bien respecter le placement s\u00e9mantique des balises heading H1 et H2, cr\u00e9er des balises Title originales.<\/li>\n\n\n\n<li>Faire bonne impression pour minimiser le taux de rebond (optimiser la vitesse de chargement, fournir diff\u00e9rents contenus m\u00e9dia\u2026).<\/li>\n\n\n\n<li>Soigner la m\u00e9ta\u00a0description.<\/li>\n\n\n\n<li>G\u00e9n\u00e9rer des liens externes et internes.<\/li>\n\n\n\n<li>Faire usage d\u2019URLs canoniques.<\/li>\n\n\n\n<li>\u00c9viter le duplicate content (plagiat, copier-coller), les m\u00e9taphores, et les mots d\u00e9nu\u00e9s de sens.<\/li>\n\n\n\n<li>Bien travailler le\u00a0<strong>r\u00e9f\u00e9rencement naturel<\/strong>\u00a0off-page pour obtenir des backlinks de qualit\u00e9 vers d\u2019autres pages du m\u00eame site.<\/li>\n<\/ul>\n\n\n\n<h2 class=\"wp-block-heading\">Un contenu de qualit\u00e9, tr\u00e8s important dans le cadre d\u2019une optimisation SEO<\/h2>\n\n\n\n<p>En mati\u00e8re de d\u00e9marche&nbsp;<strong>SEO<\/strong>, la base est de fournir un&nbsp;<strong>contenu de qualit\u00e9<\/strong>.&nbsp;<a href=\"https:\/\/redacteur.woizi.com\/dossiers\/tout-savoir-sur-le-redacteur-web\">Le&nbsp;<strong>r\u00e9dacteur web<\/strong><\/a>&nbsp;a donc un r\u00f4le important \u00e0 jouer pour ce faire. Si, en tant que responsable de soci\u00e9t\u00e9, vous n\u2019\u00eates pas en mesure de concevoir un contenu unique et pertinent, il est n\u00e9cessaire que vous fassiez appel \u00e0 une entit\u00e9 chevronn\u00e9e, \u00e0 m\u00eame d\u2019assurer l\u2019optimisation de votre site internet. Et c\u2019est dans ce genre de situation que vous comprendrez&nbsp;<strong>l\u2019int\u00e9r\u00eat d\u2019une plateforme de r\u00e9daction<\/strong>.<\/p>\n\n\n\n<p>En tant que professionnel, ce prestataire se chargera de toutes les t\u00e2ches relatives \u00e0&nbsp;<strong>la r\u00e9daction<\/strong>, pouvant contribuer \u00e0 un&nbsp;<strong>meilleur r\u00e9f\u00e9rencement<\/strong>&nbsp;de votre site. Vous pourrez ainsi lui confier la mise \u00e0 jour r\u00e9guli\u00e8re de&nbsp;<strong>votre contenu<\/strong>&nbsp;(articles blog, fiches produits, etc.), en veillant \u00e0 ce qu\u2019il utilise :<\/p>\n\n\n\n<ul class=\"wp-block-list\">\n<li>Un langage proche de celui de vos cibles (familier ou soutenu).<\/li>\n\n\n\n<li>Des textes faciles \u00e0 lire et simples \u00e0 comprendre (phrases courtes, peu de transformations passives, etc.).<\/li>\n\n\n\n<li>Des typographies vari\u00e9es (italique, gras, soulign\u00e9) avec des listes \u00e0 puces.<\/li>\n\n\n\n<li>Une mise en page bien a\u00e9r\u00e9e, permettant une lecture en diagonale des textes.<\/li>\n<\/ul>\n\n\n\n<p>Bref, pour la r\u00e9ussite de votre d\u00e9marche, il est indispensable que vous teniez compte de&nbsp;l\u2019importance de&nbsp;<a href=\"https:\/\/redaction-web-seo.woizi.com\/dossiers\/pourquoi-des-textes-optimises-seo\">publier des<\/a><strong><a href=\"https:\/\/redaction-web-seo.woizi.com\/dossiers\/pourquoi-des-textes-optimises-seo\">&nbsp;contenus textes optimis\u00e9s pour le SEO<\/a>&nbsp;<\/strong>et<strong>&nbsp;<\/strong>que vous collaboriez avec un connaisseur pour pouvoir adapter votre&nbsp;<strong>strat\u00e9gie de r\u00e9f\u00e9rencement<\/strong>&nbsp;en cons\u00e9quence.<\/p>\n\n\n\n<h2 class=\"wp-block-heading\">Actualiser son contenu, une autre mani\u00e8re d\u2019optimiser sa strat\u00e9gie SEO<\/h2>\n\n\n\n<p>Il est essentiel que le&nbsp;<strong>contenu de votre site<\/strong>&nbsp;soit actualis\u00e9 r\u00e9guli\u00e8rement afin qu\u2019il puisse pr\u00e9server son classement dans les&nbsp;<strong>r\u00e9sultats de recherche<\/strong>. Pour ce faire, vous devez absolument mettre \u00e0 jour tout \u00e9ventuel changement en mati\u00e8re d\u2019actualit\u00e9s. Il est \u00e9galement obligatoire que vous mettiez toutes les dates \u00e0 jour, autant que faire se peut.<\/p>\n\n\n\n<p>Si par exemple, vous avez un article dont le titre est \u00ab nos astuces pour \u00eatre belle en \u00e9t\u00e9 2017 \u00bb, il faut que vous retiriez ce \u00ab 2017 \u00bb et le changer en une date ult\u00e9rieure tout en modifiant le contenu pour que l\u2019article soit toujours au go\u00fbt du jour. Sinon, faites appel \u00e0 un&nbsp;<strong>r\u00e9dacteur web<\/strong>&nbsp;pour r\u00e9diger un nouvel article. Cette seconde option est m\u00eame plus conseill\u00e9e, puisque&nbsp;<strong>Google<\/strong>&nbsp;appr\u00e9cie les sites actifs et aliment\u00e9s assez souvent. Et surtout, ne manquez pas d\u2019actualiser le&nbsp;<strong>maillage interne<\/strong>. Cela vous permettra d\u2019indexer plus rapidement vos nouvelles pages.<\/p>\n\n\n\n<h2 class=\"wp-block-heading\">Quels sont alors les principes de base \u00e0 adopter pour que le contenu soit effectivement optimis\u00e9 SEO ?<\/h2>\n\n\n\n<p>Si vous voulez vraiment d\u2019une&nbsp;<strong>d\u00e9marche SEO<\/strong>&nbsp;qui soit efficiente, il est n\u00e9cessaire de vous poser quelques questions avant m\u00eame de proc\u00e9der \u00e0 la conception du contenu. Tout d\u2019abord, vous devez d\u00e9terminer \u00e0 qui ce contenu sera adress\u00e9. Vous devrez \u00e0 cet effet identifier votre type de client\u00e8le id\u00e9ale pour ajuster votre&nbsp;<strong>syst\u00e8me de r\u00e9daction<\/strong>&nbsp;en cons\u00e9quence.<\/p>\n\n\n\n<p>Ensuite, il vous faudra d\u00e9terminer les besoins de vos internautes cibles, et proposer des solutions qui r\u00e9pondent aux attentes de ces derniers. Une fois que vous connaissez bien leurs souhaits, demandez-vous quel&nbsp;<strong>type de message<\/strong>&nbsp;vous aimeriez leur transmettre : s\u2019agit-il d\u2019un article \u00e0 finalit\u00e9 commerciale, d\u2019un texte informatif, ou d\u2019un&nbsp;<strong>communiqu\u00e9 de presse<\/strong>&nbsp;?<\/p>\n\n\n\n<p>C\u2019est \u00e9galement \u00e0 ce stade que vous devrez d\u00e9finir si le but du contenu est d\u2019avertir, de convertir, ou d\u2019inciter vos cibles \u00e0 l\u2019action. Et surtout, n\u2019oubliez pas de v\u00e9rifier de quelle fa\u00e7on les sites figurant aux premiers r\u00e9sultats fournis par les&nbsp;<strong>moteurs de recherche<\/strong>&nbsp;ont orient\u00e9&nbsp;<strong>leurs contenus<\/strong>, de mani\u00e8re \u00e0 ce que vous puissiez r\u00e9ajuster le v\u00f4tre en fonction de vos objectifs et des attentes des internautes.<\/p>\n\n\n\n<p><\/p>\n","protected":false},"excerpt":{"rendered":"<p>De son nom \u00ab&nbsp;Search Engine Optimization&nbsp;\u00bb, le&nbsp;SEO&nbsp;se traduit litt\u00e9ralement par l\u2019optimisation pour les&nbsp;moteurs de recherche. Il s\u2018agit, en d\u2019autres termes, de l\u2019ensemble des strat\u00e9gies r\u00e9dactionnelles \u00e0 mettre en \u0153uvre dans le but d\u2019am\u00e9liorer le classement d\u2019un site internet au niveau des pages de r\u00e9sultat de Google, Yahoo!, Bing ou autre moteur. Le site en question [&hellip;]<\/p>\n","protected":false},"author":1,"featured_media":0,"parent":0,"menu_order":0,"comment_status":"closed","ping_status":"closed","template":"","meta":{"footnotes":""},"class_list":["post-11","page","type-page","status-publish","hentry"],"_links":{"self":[{"href":"https:\/\/wp1.talodia.com\/index.php?rest_route=\/wp\/v2\/pages\/11","targetHints":{"allow":["GET"]}}],"collection":[{"href":"https:\/\/wp1.talodia.com\/index.php?rest_route=\/wp\/v2\/pages"}],"about":[{"href":"https:\/\/wp1.talodia.com\/index.php?rest_route=\/wp\/v2\/types\/page"}],"author":[{"embeddable":true,"href":"https:\/\/wp1.talodia.com\/index.php?rest_route=\/wp\/v2\/users\/1"}],"replies":[{"embeddable":true,"href":"https:\/\/wp1.talodia.com\/index.php?rest_route=%2Fwp%2Fv2%2Fcomments&post=11"}],"version-history":[{"count":2,"href":"https:\/\/wp1.talodia.com\/index.php?rest_route=\/wp\/v2\/pages\/11\/revisions"}],"predecessor-version":[{"id":14,"href":"https:\/\/wp1.talodia.com\/index.php?rest_route=\/wp\/v2\/pages\/11\/revisions\/14"}],"wp:attachment":[{"href":"https:\/\/wp1.talodia.com\/index.php?rest_route=%2Fwp%2Fv2%2Fmedia&parent=11"}],"curies":[{"name":"wp","href":"https:\/\/api.w.org\/{rel}","templated":true}]}}